{"id":2,"date":"2019-08-12T03:48:21","date_gmt":"2019-08-12T03:48:21","guid":{"rendered":"http:\/\/vanoosten.live\/?page_id=2"},"modified":"2024-03-14T07:59:30","modified_gmt":"2024-03-14T07:59:30","slug":"sample-page","status":"publish","type":"page","link":"https:\/\/vanoosten.live\/","title":{"rendered":"Van Oosten Services"},"content":{"rendered":"\n<h2 class=\"wp-block-heading\">\n\nStrategisch, systematisch en consequent<\/h2>\n\n\n\n<p> \u201c<em>Van Oosten Services<\/em>\u201d staat voor (interim) management, vanuit een heldere missie en visie. <\/p>\n\n\n\n<p class=\"has-text-align-center\"><strong>Diensten Marketing Management, Sales Management, Change Management, Project Management, Complexe sales trajecten begeleiden, Hybrid Cloud IT advies in IT channel.<\/strong><\/p>\n\n\n\n<p> Door training (en ruim 25 jaar ervaring), ben ik een specialist op het gebied van Diensten Marketing Management. Hieronder valt ook het moderne Hybrid-IT.<\/p>\n\n\n\n<p>Verkopen\n van diensten heeft vertrouwen als basis. Om het vertrouwen van uw \nklanten te verdienen, moet er worden ge\u00efnvesteerd in de manier waarop u \nmet klanten omgaat.<\/p>\n\n\n\n<p>Strategische keuzes, consequent doorgevoerd en systematisch gemeten, ge\u00ebvalueerd, verbeterd en doorgevoerd.<br>Door  op deze manier te focussen op de continu\u00efteit van uw bedrijf, krijgt u  inzicht in de koers die u moet varen met uw bedrijf, \u00f3f kunt u (als reseller) uw rol als trusted advisor naar uw eindklant serieus inhoud geven. <\/p>\n\n\n\n<p>Want; Ook al kunt u de windrichting niet be\u00efnvloeden, de stand van de zeilen bepaald de richting van het schip.\n\n<\/p>\n\n\n\n<h4 class=\"wp-block-heading\"> <strong>Missie en Visie<\/strong><\/h4>\n\n\n\n<p>Vanuit de Bijbelse levensovertuiging van Andr\u00e9 van Oosten zijn de onderstaande missie en visie ontstaan.<\/p>\n\n\n\n<h4 class=\"wp-block-heading\"><strong>Missie<\/strong>:<\/h4>\n\n\n\n<p>Bedrijven helpen om op effici\u00ebnte wijze hun continu\u00efteit te borgen, vanuit Christelijke normen en waarden (bescheiden, transparant, loyaal, mens-gericht).<\/p>\n\n\n\n<h4 class=\"wp-block-heading\"><strong>Visie<\/strong>:<\/h4>\n\n\n\n<p>Relaties worden gebouwd op vertrouwen. Daarbij zijn integriteit,  \nbetrouwbaarheid, communiceren en flexibiliteit van groot belang. Vanuit \n een stabiel fundament worden deze competenties overgedragen aan en  \ndoorgevoerd in (afdelingen van) bedrijven, waardoor de continu\u00efteit van \n de organisatie sterk verbeterd.<\/p>\n\n\n\n<h4 class=\"wp-block-heading\"><strong> Interim Management<\/strong><\/h4>\n\n\n\n<p>Na  meer dan 25 jaar in de ICT werkzaam te zijn, waarvan meer dan 15 jaar  in management functies, kan ik putten uit  een schat aan ervaringen.<\/p>\n\n\n\n<p>In 2014 heb ik besloten om deze kennis en ervaring vanuit mijn eigen \nonderneming aan te bieden aan het MKB in Nederland, volledig vanuit mijn\n persoonlijke overtuiging.<br>Ik ben ervan overtuigd dat ik in staat ben om bedrijven te helpen met hun \u201cbusiness continuity\u201d.<\/p>\n\n\n\n<h4 class=\"wp-block-heading\"><strong>Business Continuity<\/strong><\/h4>\n\n\n\n<p>Zorg ervoor dat elke beslissing die je neemt je dichter bij je doel brengt<\/p>\n\n\n\n<ul>\n<li>Wat is dat doel (her-ijken doelstellingen)<\/li>\n\n\n\n<li>Welke \nontwikkelingen op demografisch, economisch, technologisch en  sociaal \ngebied hebben impact op (het voorbestaan van) het bedrijf<\/li>\n\n\n\n<li>Hoe raken nieuwe wet- en regelgeving mijn winst<\/li>\n\n\n\n<li>Snappen mijn medewerkers (nog) waar het eigenlijk om gaat<\/li>\n\n\n\n<li>Hoe denken en spreken(!) mijn klanten over mijn bedrijf<\/li>\n<\/ul>\n\n\n\n<p> <em>Van Oosten Services is: G.A. van Oosten (Services@VanOosten.Live)<br>BTW-id: NL002152251B35  T: 0031 6 36 29 79 58 <\/em> KvK: 59783311  <\/p>\n","protected":false},"excerpt":{"rendered":"<p>Strategisch, systematisch en consequent \u201cVan Oosten Services\u201d staat voor (interim) management, vanuit een heldere missie en visie. Diensten Marketing Management, Sales Management, Change Management, Project Management, Complexe sales trajecten begeleiden, Hybrid Cloud IT advies in IT channel. Door training (en ruim 25 jaar ervaring), ben ik een specialist op het gebied van Diensten Marketing Management. &hellip; <a href=\"https:\/\/vanoosten.live\/\" class=\"more-link\">Lees <span class=\"screen-reader-text\">&#8220;Van Oosten Services&#8221;<\/span> verder<\/a><\/p>\n","protected":false},"author":1,"featured_media":0,"parent":0,"menu_order":0,"comment_status":"closed","ping_status":"open","template":"","meta":{"footnotes":""},"_links":{"self":[{"href":"https:\/\/vanoosten.live\/index.php?rest_route=\/wp\/v2\/pages\/2"}],"collection":[{"href":"https:\/\/vanoosten.live\/index.php?rest_route=\/wp\/v2\/pages"}],"about":[{"href":"https:\/\/vanoosten.live\/index.php?rest_route=\/wp\/v2\/types\/page"}],"author":[{"embeddable":true,"href":"https:\/\/vanoosten.live\/index.php?rest_route=\/wp\/v2\/users\/1"}],"replies":[{"embeddable":true,"href":"https:\/\/vanoosten.live\/index.php?rest_route=%2Fwp%2Fv2%2Fcomments&post=2"}],"version-history":[{"count":6,"href":"https:\/\/vanoosten.live\/index.php?rest_route=\/wp\/v2\/pages\/2\/revisions"}],"predecessor-version":[{"id":23,"href":"https:\/\/vanoosten.live\/index.php?rest_route=\/wp\/v2\/pages\/2\/revisions\/23"}],"wp:attachment":[{"href":"https:\/\/vanoosten.live\/index.php?rest_route=%2Fwp%2Fv2%2Fmedia&parent=2"}],"curies":[{"name":"wp","href":"https:\/\/api.w.org\/{rel}","templated":true}]}}